{"id":46675,"date":"2022-11-19T19:36:13","date_gmt":"2022-11-19T19:36:13","guid":{"rendered":"https:\/\/gettopoff.com\/?product=gm-genuine-parts-25776667-accessory-power-receptacle-with-2-terminals"},"modified":"2023-04-10T18:53:06","modified_gmt":"2023-04-10T18:53:06","slug":"gm-genuine-parts-25776667-accessory-power-receptacle-with-2-terminals","status":"publish","type":"product","link":"https:\/\/gettopoff.com\/?product=gm-genuine-parts-25776667-accessory-power-receptacle-with-2-terminals","title":{"rendered":"GM Genuine Parts 25776667 Accessory Power Receptacle with 2 Terminals"},"content":{"rendered":"<p><!-- show up to 2 reviews by default --> <\/p>\n<p> <span>Las tomas de corriente de accesorios GM de 12 voltios est\u00e1n dise\u00f1adas, dise\u00f1adas y probadas seg\u00fan est\u00e1ndares rigurosos, y est\u00e1n respaldadas por General Motors. Las piezas originales GM son las piezas originales instaladas durante la producci\u00f3n o validadas por General Motors para veh\u00edculos GM. Algunas piezas originales GM pueden haber aparecido anteriormente como equipo original ACDelco GM (OE). ? ADVERTENCIA: C\u00e1ncer y Da\u00f1o Reproductivo &#8211; https:\/\/www.P65Warnings.ca.gov<\/span> <\/p>\n<p>Make sure this fits by entering your model number.<br \/>\nSome GM Genuine Parts may have formerly appeared as ACDelco GM Original Equipment (OE)<br \/>\nGM Engineers design and validate OE parts specifically for your Chevrolet, Buick, GMC, or Cadillac vehicle<br \/>\nOriginal equipment parts are designed to work with your GM vehicle safety systems &#8212; aftermarket replacement parts may not meet the same OE safety regulations, depending on the part type<br \/>\nGM regularly updates production and service part designs to integrate new materials and technologies<br \/>\n<div class=\"main-cross-sell\" data-asin=\"B09CW2MLRV\">\n\n\t<div class=\"WooZone-cross-sell-loader\">\n\t\t<div>\n\t\t\t<div id=\"floatingBarsG\">\n\t\t\t\t<div class=\"blockG\" id=\"rotateG_01\"><\/div>\n\t\t\t\t<div class=\"blockG\" id=\"rotateG_02\"><\/div>\n\t\t\t\t<div class=\"blockG\" id=\"rotateG_03\"><\/div>\n\t\t\t\t<div class=\"blockG\" id=\"rotateG_04\"><\/div>\n\t\t\t\t<div class=\"blockG\" id=\"rotateG_05\"><\/div>\n\t\t\t\t<div class=\"blockG\" id=\"rotateG_06\"><\/div>\n\t\t\t\t<div class=\"blockG\" id=\"rotateG_07\"><\/div>\n\t\t\t\t<div class=\"blockG\" id=\"rotateG_08\"><\/div>\n\t\t\t<\/div>\n\t\t\t<div class=\"WooZone-cross-sell-loader-text\"><\/div>\n\t\t<\/div>\n\t<\/div>\n\n\t\t\n<\/div>\n<div style=\"clear:both;\"><\/div><\/p>\n","protected":false},"excerpt":{"rendered":"<p>Make sure this fits by entering your model number.<br \/>\nSome GM Genuine Parts may have formerly appeared as ACDelco GM Original Equipment (OE)<br \/>\nGM Engineers design and validate OE parts specifically for your Chevrolet, Buick, GMC, or Cadillac vehicle<\/p>\n","protected":false},"featured_media":46683,"comment_status":"open","ping_status":"closed","template":"","meta":[],"product_cat":[8630,8636],"product_tag":[],"yoast_head":"<!-- This site is optimized with the Yoast SEO plugin v23.0 - https:\/\/yoast.com\/wordpress\/plugins\/seo\/ -->\n<title>GM Genuine Parts 25776667 Accessory Power Receptacle with 2 Terminals - gettopoff.com<\/title>\n<meta name=\"robots\" content=\"index, follow, max-snippet:-1, max-image-preview:large, max-video-preview:-1\" \/>\n<link rel=\"canonical\" href=\"https:\/\/gettopoff.com\/?product=gm-genuine-parts-25776667-accessory-power-receptacle-with-2-terminals\" \/>\n<meta property=\"og:locale\" content=\"en_US\" \/>\n<meta property=\"og:type\" content=\"article\" \/>\n<meta property=\"og:title\" content=\"GM Genuine Parts 25776667 Accessory Power Receptacle with 2 Terminals - gettopoff.com\" \/>\n<meta property=\"og:description\" content=\"Make sure this fits by entering your model number. Some GM Genuine Parts may have formerly appeared as ACDelco GM Original Equipment (OE) GM Engineers design and validate OE parts specifically for your Chevrolet, Buick, GMC, or Cadillac vehicle\" \/>\n<meta property=\"og:url\" content=\"https:\/\/gettopoff.com\/?product=gm-genuine-parts-25776667-accessory-power-receptacle-with-2-terminals\" \/>\n<meta property=\"og:site_name\" content=\"gettopoff.com\" \/>\n<meta property=\"article:modified_time\" content=\"2023-04-10T18:53:06+00:00\" \/>\n<meta property=\"og:image\" content=\"https:\/\/m.media-amazon.com\/images\/I\/319hO+hl0xL.jpg\" \/>\n\t<meta property=\"og:image:width\" content=\"500\" \/>\n\t<meta property=\"og:image:height\" content=\"500\" \/>\n\t<meta property=\"og:image:type\" content=\"image\/jpeg\" \/>\n<meta name=\"twitter:card\" content=\"summary_large_image\" \/>\n<meta name=\"twitter:label1\" content=\"Est. reading time\" \/>\n\t<meta name=\"twitter:data1\" content=\"1 minute\" \/>\n<script type=\"application\/ld+json\" class=\"yoast-schema-graph\">{\"@context\":\"https:\/\/schema.org\",\"@graph\":[{\"@type\":\"WebPage\",\"@id\":\"https:\/\/gettopoff.com\/?product=gm-genuine-parts-25776667-accessory-power-receptacle-with-2-terminals\",\"url\":\"https:\/\/gettopoff.com\/?product=gm-genuine-parts-25776667-accessory-power-receptacle-with-2-terminals\",\"name\":\"GM Genuine Parts 25776667 Accessory Power Receptacle with 2 Terminals - gettopoff.com\",\"isPartOf\":{\"@id\":\"https:\/\/gettopoff.com\/#website\"},\"primaryImageOfPage\":{\"@id\":\"https:\/\/gettopoff.com\/?product=gm-genuine-parts-25776667-accessory-power-receptacle-with-2-terminals#primaryimage\"},\"image\":{\"@id\":\"https:\/\/gettopoff.com\/?product=gm-genuine-parts-25776667-accessory-power-receptacle-with-2-terminals#primaryimage\"},\"thumbnailUrl\":\"https:\/\/m.media-amazon.com\/images\/I\/319hO+hl0xL.jpg\",\"datePublished\":\"2022-11-19T19:36:13+00:00\",\"dateModified\":\"2023-04-10T18:53:06+00:00\",\"breadcrumb\":{\"@id\":\"https:\/\/gettopoff.com\/?product=gm-genuine-parts-25776667-accessory-power-receptacle-with-2-terminals#breadcrumb\"},\"inLanguage\":\"en-US\",\"potentialAction\":[{\"@type\":\"ReadAction\",\"target\":[\"https:\/\/gettopoff.com\/?product=gm-genuine-parts-25776667-accessory-power-receptacle-with-2-terminals\"]}]},{\"@type\":\"ImageObject\",\"inLanguage\":\"en-US\",\"@id\":\"https:\/\/gettopoff.com\/?product=gm-genuine-parts-25776667-accessory-power-receptacle-with-2-terminals#primaryimage\",\"url\":\"https:\/\/m.media-amazon.com\/images\/I\/319hO+hl0xL.jpg\",\"contentUrl\":\"https:\/\/m.media-amazon.com\/images\/I\/319hO+hl0xL.jpg\",\"width\":500,\"height\":500},{\"@type\":\"BreadcrumbList\",\"@id\":\"https:\/\/gettopoff.com\/?product=gm-genuine-parts-25776667-accessory-power-receptacle-with-2-terminals#breadcrumb\",\"itemListElement\":[{\"@type\":\"ListItem\",\"position\":1,\"name\":\"Home\",\"item\":\"https:\/\/gettopoff.com\/\"},{\"@type\":\"ListItem\",\"position\":2,\"name\":\"Shop\",\"item\":\"https:\/\/gettopoff.com\/?page_id=9\"},{\"@type\":\"ListItem\",\"position\":3,\"name\":\"GM Genuine Parts 25776667 Accessory Power Receptacle with 2 Terminals\"}]},{\"@type\":\"WebSite\",\"@id\":\"https:\/\/gettopoff.com\/#website\",\"url\":\"https:\/\/gettopoff.com\/\",\"name\":\"gettopoff.com\",\"description\":\"\",\"publisher\":{\"@id\":\"https:\/\/gettopoff.com\/#organization\"},\"potentialAction\":[{\"@type\":\"SearchAction\",\"target\":{\"@type\":\"EntryPoint\",\"urlTemplate\":\"https:\/\/gettopoff.com\/?s={search_term_string}\"},\"query-input\":\"required name=search_term_string\"}],\"inLanguage\":\"en-US\"},{\"@type\":\"Organization\",\"@id\":\"https:\/\/gettopoff.com\/#organization\",\"name\":\"gettopoff.com\",\"url\":\"https:\/\/gettopoff.com\/\",\"logo\":{\"@type\":\"ImageObject\",\"inLanguage\":\"en-US\",\"@id\":\"https:\/\/gettopoff.com\/#\/schema\/logo\/image\/\",\"url\":\"https:\/\/gettopoff.com\/wp-content\/uploads\/2023\/10\/cropped-4yyy-removebg-preview-1.png\",\"contentUrl\":\"https:\/\/gettopoff.com\/wp-content\/uploads\/2023\/10\/cropped-4yyy-removebg-preview-1.png\",\"width\":512,\"height\":512,\"caption\":\"gettopoff.com\"},\"image\":{\"@id\":\"https:\/\/gettopoff.com\/#\/schema\/logo\/image\/\"}}]}<\/script>\n<!-- \/ Yoast SEO plugin. -->","yoast_head_json":{"title":"GM Genuine Parts 25776667 Accessory Power Receptacle with 2 Terminals - gettopoff.com","robots":{"index":"index","follow":"follow","max-snippet":"max-snippet:-1","max-image-preview":"max-image-preview:large","max-video-preview":"max-video-preview:-1"},"canonical":"https:\/\/gettopoff.com\/?product=gm-genuine-parts-25776667-accessory-power-receptacle-with-2-terminals","og_locale":"en_US","og_type":"article","og_title":"GM Genuine Parts 25776667 Accessory Power Receptacle with 2 Terminals - gettopoff.com","og_description":"Make sure this fits by entering your model number. Some GM Genuine Parts may have formerly appeared as ACDelco GM Original Equipment (OE) GM Engineers design and validate OE parts specifically for your Chevrolet, Buick, GMC, or Cadillac vehicle","og_url":"https:\/\/gettopoff.com\/?product=gm-genuine-parts-25776667-accessory-power-receptacle-with-2-terminals","og_site_name":"gettopoff.com","article_modified_time":"2023-04-10T18:53:06+00:00","og_image":[{"width":500,"height":500,"url":"https:\/\/m.media-amazon.com\/images\/I\/319hO+hl0xL.jpg","type":"image\/jpeg"}],"twitter_card":"summary_large_image","twitter_misc":{"Est. reading time":"1 minute"},"schema":{"@context":"https:\/\/schema.org","@graph":[{"@type":"WebPage","@id":"https:\/\/gettopoff.com\/?product=gm-genuine-parts-25776667-accessory-power-receptacle-with-2-terminals","url":"https:\/\/gettopoff.com\/?product=gm-genuine-parts-25776667-accessory-power-receptacle-with-2-terminals","name":"GM Genuine Parts 25776667 Accessory Power Receptacle with 2 Terminals - gettopoff.com","isPartOf":{"@id":"https:\/\/gettopoff.com\/#website"},"primaryImageOfPage":{"@id":"https:\/\/gettopoff.com\/?product=gm-genuine-parts-25776667-accessory-power-receptacle-with-2-terminals#primaryimage"},"image":{"@id":"https:\/\/gettopoff.com\/?product=gm-genuine-parts-25776667-accessory-power-receptacle-with-2-terminals#primaryimage"},"thumbnailUrl":"https:\/\/m.media-amazon.com\/images\/I\/319hO+hl0xL.jpg","datePublished":"2022-11-19T19:36:13+00:00","dateModified":"2023-04-10T18:53:06+00:00","breadcrumb":{"@id":"https:\/\/gettopoff.com\/?product=gm-genuine-parts-25776667-accessory-power-receptacle-with-2-terminals#breadcrumb"},"inLanguage":"en-US","potentialAction":[{"@type":"ReadAction","target":["https:\/\/gettopoff.com\/?product=gm-genuine-parts-25776667-accessory-power-receptacle-with-2-terminals"]}]},{"@type":"ImageObject","inLanguage":"en-US","@id":"https:\/\/gettopoff.com\/?product=gm-genuine-parts-25776667-accessory-power-receptacle-with-2-terminals#primaryimage","url":"https:\/\/m.media-amazon.com\/images\/I\/319hO+hl0xL.jpg","contentUrl":"https:\/\/m.media-amazon.com\/images\/I\/319hO+hl0xL.jpg","width":500,"height":500},{"@type":"BreadcrumbList","@id":"https:\/\/gettopoff.com\/?product=gm-genuine-parts-25776667-accessory-power-receptacle-with-2-terminals#breadcrumb","itemListElement":[{"@type":"ListItem","position":1,"name":"Home","item":"https:\/\/gettopoff.com\/"},{"@type":"ListItem","position":2,"name":"Shop","item":"https:\/\/gettopoff.com\/?page_id=9"},{"@type":"ListItem","position":3,"name":"GM Genuine Parts 25776667 Accessory Power Receptacle with 2 Terminals"}]},{"@type":"WebSite","@id":"https:\/\/gettopoff.com\/#website","url":"https:\/\/gettopoff.com\/","name":"gettopoff.com","description":"","publisher":{"@id":"https:\/\/gettopoff.com\/#organization"},"potentialAction":[{"@type":"SearchAction","target":{"@type":"EntryPoint","urlTemplate":"https:\/\/gettopoff.com\/?s={search_term_string}"},"query-input":"required name=search_term_string"}],"inLanguage":"en-US"},{"@type":"Organization","@id":"https:\/\/gettopoff.com\/#organization","name":"gettopoff.com","url":"https:\/\/gettopoff.com\/","logo":{"@type":"ImageObject","inLanguage":"en-US","@id":"https:\/\/gettopoff.com\/#\/schema\/logo\/image\/","url":"https:\/\/gettopoff.com\/wp-content\/uploads\/2023\/10\/cropped-4yyy-removebg-preview-1.png","contentUrl":"https:\/\/gettopoff.com\/wp-content\/uploads\/2023\/10\/cropped-4yyy-removebg-preview-1.png","width":512,"height":512,"caption":"gettopoff.com"},"image":{"@id":"https:\/\/gettopoff.com\/#\/schema\/logo\/image\/"}}]}},"_links":{"self":[{"href":"https:\/\/gettopoff.com\/index.php?rest_route=\/wp\/v2\/product\/46675"}],"collection":[{"href":"https:\/\/gettopoff.com\/index.php?rest_route=\/wp\/v2\/product"}],"about":[{"href":"https:\/\/gettopoff.com\/index.php?rest_route=\/wp\/v2\/types\/product"}],"replies":[{"embeddable":true,"href":"https:\/\/gettopoff.com\/index.php?rest_route=%2Fwp%2Fv2%2Fcomments&post=46675"}],"wp:featuredmedia":[{"embeddable":true,"href":"https:\/\/gettopoff.com\/index.php?rest_route=\/wp\/v2\/media\/46683"}],"wp:attachment":[{"href":"https:\/\/gettopoff.com\/index.php?rest_route=%2Fwp%2Fv2%2Fmedia&parent=46675"}],"wp:term":[{"taxonomy":"product_cat","embeddable":true,"href":"https:\/\/gettopoff.com\/index.php?rest_route=%2Fwp%2Fv2%2Fproduct_cat&post=46675"},{"taxonomy":"product_tag","embeddable":true,"href":"https:\/\/gettopoff.com\/index.php?rest_route=%2Fwp%2Fv2%2Fproduct_tag&post=46675"}],"curies":[{"name":"wp","href":"https:\/\/api.w.org\/{rel}","templated":true}]}}