{"id":44413,"date":"2022-11-19T19:23:10","date_gmt":"2022-11-19T19:23:10","guid":{"rendered":"https:\/\/gettopoff.com\/?product=canon-tr7020-all-in-one-wireless-printer-for-home-useblack"},"modified":"2023-04-10T18:47:56","modified_gmt":"2023-04-10T18:47:56","slug":"canon-tr7020-all-in-one-wireless-printer-for-home-useblack","status":"publish","type":"product","link":"https:\/\/gettopoff.com\/?product=canon-tr7020-all-in-one-wireless-printer-for-home-useblack","title":{"rendered":"Canon TR7020 All-in-One Wireless Printer for Home Use,Black, Compact (4460C002)"},"content":{"rendered":"<p><!-- show up to 2 reviews by default --> <\/p>\n<p> <span>La funcionalidad se une al estilo en la PIXMA TR7020, una impresora inal\u00e1mbrica compacta todo en uno dise\u00f1ada para tus necesidades de hogar o trabajo. Es f\u00e1cil <br \/>para configurar, f\u00e1cil de usar y rico en funciones: con una pantalla OLED clara de 1.44 pulgadas, alimentador autom\u00e1tico compacto integrado de documentos, delantero y trasero <br \/>Alimentaci\u00f3n de papel e impresi\u00f3n autom\u00e1tica d\u00faplex. El TR7020 puede manejar una variedad de tareas con facilidad, desde escanear un contrato firmado con <br \/>el ADF para imprimir tareas de tarea desde aulas virtuales. Ya sea imprimiendo desde tu computadora o de forma inal\u00e1mbrica desde tu <br \/>Smartphone, la TR7020 es una impresora todo en uno de calidad para tus tareas diarias de hogar y trabajo.<\/p>\n<p>Funktionalit\u00e4t trifft Stil im PIXMA TR7020, einem kompakten, kabellosen All-in-One-Drucker, der f\u00fcr Ihre Bed\u00fcrfnisse zu Hause oder im B\u00fcro entwickelt wurde. Es ist ganz einfach <br \/>Einfach zu installieren, und funktionsreich, mit einem klaren 1,44-Zoll-OLED-Display, eingebautem kompaktem Auto-Dokumenteneinzug, vorne und hinten. <br \/>Papierzufuhr und Auto-Duplexdruck. Der TR7020 kann eine Vielzahl von Aufgaben mit Leichtigkeit bew\u00e4ltigen, vom Scannen eines unterzeichneten Vertrags mit <br \/>den ADF zum Ausdrucken von Hausaufgaben von virtuellen Klassenzimmern. Egal ob per Computer oder kabellos von Ihrem <br \/>Smartphone ist der TR7020 ein hochwertiger All-in-One-Drucker f\u00fcr Ihre t\u00e4glichen Haus- und Arbeitsaufgaben.<\/p>\n<p>\u05e4\u05d5\u05e0\u05e7\u05e6\u05d9\u05d5\u05e0\u05dc\u05d9\u05d5\u05ea \u05e4\u05d5\u05d2\u05e9\u05ea \u05d0\u05ea \u05d4\u05e1\u05d2\u05e0\u05d5\u05df \u05e9\u05dc GnzTR7020, \u05de\u05d3\u05e4\u05e1\u05ea All-in-One \u05d0\u05dc\u05d7\u05d5\u05d8\u05d9\u05ea \u05e7\u05d5\u05de\u05e4\u05e7\u05d8\u05d9\u05ea \u05d1\u05e0\u05d5\u05d9\u05d4 \u05e2\u05d1\u05d5\u05e8 \u05e6\u05e8\u05db\u05d9 \u05d4\u05d1\u05d9\u05ea \u05d0\u05d5 \u05d4\u05e2\u05d1\u05d5\u05d3\u05d4 \u05e9\u05dc\u05da. \u05d6\u05d4 \u05e7\u05dc <br \/>\u05dc\u05d4\u05ea\u05e7\u05e0\u05d4, \u05e4\u05e9\u05d5\u05d8 \u05dc\u05e9\u05d9\u05de\u05d5\u05e9 \u05d5\u05e2\u05e9\u05d9\u05e8 \u05d1\u05ea\u05db\u05d5\u05e0\u05d5\u05ea &#8211; \u05e2\u05dd \u05ea\u05e6\u05d5\u05d2\u05ea OLED \u05d1\u05e8\u05d5\u05e8\u05d4 \u05d1\u05d2\u05d5\u05d3\u05dc 1.4 \u05d0\u05d9\u05e0\u05e5&#8217;, \u05de\u05d6\u05d9\u05df \u05de\u05e1\u05de\u05db\u05d9\u05dd \u05d0\u05d5\u05d8\u05d5\u05de\u05d8\u05d9 \u05e7\u05d5\u05de\u05e4\u05e7\u05d8\u05d9 \u05de\u05d5\u05d1\u05e0\u05d4, \u05e7\u05d3\u05de\u05d9 \u05d5\u05d0\u05d7\u05d5\u05e8\u05d9 <br \/>\u05d4\u05d6\u05e0\u05ea \u05e0\u05d9\u05d9\u05e8 \u05d5\u05d4\u05d3\u05e4\u05e1\u05d4 \u05d3\u05d5-\u05e6\u05d3\u05d3\u05d9\u05ea \u05d0\u05d5\u05d8\u05d5\u05de\u05d8\u05d9\u05ea. TR7020 \u05d9\u05db\u05d5\u05dc \u05dc\u05d4\u05ea\u05de\u05d5\u05d3\u05d3 \u05e2\u05dd \u05de\u05d2\u05d5\u05d5\u05df \u05de\u05e9\u05d9\u05de\u05d5\u05ea \u05d1\u05e7\u05dc\u05d5\u05ea, \u05de\u05e1\u05e8\u05d9\u05e7\u05ea \u05d7\u05d5\u05d6\u05d4 \u05d7\u05ea\u05d5\u05dd \u05e2\u05dd <br \/>ADF \u05dc\u05d4\u05d3\u05e4\u05e1\u05ea \u05e9\u05d9\u05e2\u05d5\u05e8\u05d9 \u05d1\u05d9\u05ea \u05de\u05db\u05d9\u05ea\u05d5\u05ea \u05d5\u05d9\u05e8\u05d8\u05d5\u05d0\u05dc\u05d9\u05d5\u05ea. \u05d1\u05d9\u05df \u05d0\u05dd \u05d4\u05d3\u05e4\u05e1\u05d4 \u05de\u05d4\u05de\u05d7\u05e9\u05d1 \u05e9\u05dc\u05da \u05d0\u05d5 \u05d1\u05d0\u05d5\u05e4\u05df \u05d0\u05dc\u05d7\u05d5\u05d8\u05d9 <br \/>\u05d8\u05dc\u05e4\u05d5\u05df \u05d7\u05db\u05dd, TR7020 \u05d4\u05d9\u05d0 \u05de\u05d3\u05e4\u05e1\u05ea All-In-One \u05d0\u05d9\u05db\u05d5\u05ea\u05d9\u05ea \u05dc\u05de\u05e9\u05d9\u05de\u05d5\u05ea \u05d4\u05d1\u05d9\u05ea \u05d5\u05d4\u05e2\u05d1\u05d5\u05d3\u05d4 \u05d4\u05d9\u05d5\u05de\u05d9\u05d5\u05de\u05d9\u05d5\u05ea \u05e9\u05dc\u05db\u05dd.<\/p>\n<p>\u062a\u0642\u0646\u064a\u0629 PIXMA TR7020\u060c \u0637\u0627\u0628\u0639\u0629 \u0644\u0627\u0633\u0644\u0643\u064a\u0629 \u0645\u062f\u0645\u062c\u0629 \u0627\u0644\u0643\u0644 \u0641\u064a \u0648\u0627\u062d\u062f \u0645\u0635\u0645\u0645\u0629 \u0644\u062a\u0644\u0628\u064a\u0629 \u0627\u062d\u062a\u064a\u0627\u062c\u0627\u062a \u0645\u0646\u0632\u0644\u0643 \u0623\u0648 \u0627\u0644\u0639\u0645\u0644. \u0625\u0646\u0647 \u0633\u0647\u0644 <br \/>\u0644\u0644\u0625\u0639\u062f\u0627\u062f\u060c \u0633\u0647\u0644 \u0627\u0644\u0627\u0633\u062a\u062e\u062f\u0627\u0645\u060c \u0648\u063a\u0646\u064a \u0628\u0627\u0644\u0645\u064a\u0632\u0627\u062a &#8211; \u0645\u0639 \u0634\u0627\u0634\u0629 \u0623\u0648\u0644\u064a\u062f \u0648\u0627\u0636\u062d\u0629 1.4 \u0628\u0648\u0635\u0629\u060c \u0648\u062d\u062f\u0629 \u062a\u063a\u0630\u064a\u0629 \u0645\u0633\u062a\u0646\u062f\u0627\u062a \u062a\u0644\u0642\u0627\u0626\u064a\u0629 \u0645\u062f\u0645\u062c\u0629 \u0645\u062f\u0645\u062c\u0629\u060c \u0623\u0645\u0627\u0645\u064a\u0629 \u0648\u062e\u0644\u0641\u064a\u0629 <br \/>\u062a\u063a\u0630\u064a\u0629 \u0648\u0631\u0642\u064a\u0629\u060c \u0648\u0637\u0628\u0627\u0639\u0629 \u0622\u0644\u064a\u0629 \u0645\u0632\u062f\u0648\u062c\u0629. \u064a\u0645\u0643\u0646 \u0644\u0640 TR7020 \u0627\u0644\u062a\u0639\u0627\u0645\u0644 \u0645\u0639 \u0645\u062c\u0645\u0648\u0639\u0629 \u0645\u062a\u0646\u0648\u0639\u0629 \u0645\u0646 \u0627\u0644\u0645\u0647\u0627\u0645 \u0628\u0633\u0647\u0648\u0644\u0629\u060c \u0645\u0646 \u0645\u0633\u062d \u0639\u0642\u062f \u0645\u0648\u0642\u0639 \u0645\u0639 <br \/>ADF \u0644\u0637\u0628\u0627\u0639\u0629 \u0648\u0627\u062c\u0628\u0627\u062a \u0627\u0644\u0645\u0646\u0632\u0644 \u0645\u0646 \u0627\u0644\u0641\u0635\u0648\u0644 \u0627\u0644\u0627\u0641\u062a\u0631\u0627\u0636\u064a\u0629. \u0633\u0648\u0627\u0621 \u0643\u0627\u0646\u062a \u0627\u0644\u0637\u0628\u0627\u0639\u0629 \u0645\u0646 \u062c\u0647\u0627\u0632 \u0627\u0644\u0643\u0645\u0628\u064a\u0648\u062a\u0631 \u0627\u0644\u062e\u0627\u0635 \u0628\u0643 \u0623\u0648 \u0628\u062f\u0648\u0646 \u0623\u0633\u0644\u0627\u0643 \u0645\u0646 <br \/>\u0627\u0644\u0647\u0627\u062a\u0641 \u0627\u0644\u0630\u0643\u064a \u060c TR7020 \u0647\u064a \u0637\u0627\u0628\u0639\u0629 \u0645\u062a\u0643\u0627\u0645\u0644\u0629 \u0639\u0627\u0644\u064a\u0629 \u0627\u0644\u062c\u0648\u062f\u0629 \u0644\u0645\u0646\u0632\u0644\u0643 \u0648\u0645\u0647\u0627\u0645 \u0627\u0644\u0639\u0645\u0644 \u0627\u0644\u064a\u0648\u0645\u064a\u0629.<\/p>\n<p>Funcionalidade e estilo no PIXMATR7020, uma impressora multifuncional sem fio compacta constru\u00edda para suas necessidades de casa ou trabalho. \u00c9 f\u00e1cil <br \/>para configurar, simples de usar e rico em recursos \u2014 com uma tela OLED transparente de 1,4&#8243; , alimentador autom\u00e1tico compacto integrado, dianteiro e traseiro <br \/>Alimenta\u00e7\u00e3o de papel e impress\u00e3o autom\u00e1tica duplex. O TR7020 pode lidar com uma variedade de tarefas com facilidade, desde a digitaliza\u00e7\u00e3o de um contrato assinado com <br \/>o ADF para imprimir tarefas de casa em salas de aula virtuais. Seja impresso em seu computador ou sem fio a partir do seu <br \/>smartphone, a TR7020 \u00e9 uma impressora multifuncional de qualidade para suas tarefas dom\u00e9sticas e de trabalho.<\/p>\n<p>PIXMA TR7020 \u529f\u80fd\u4e0e\u98ce\u683c\u76f8\u7ed3\u5408,\u8fd9\u662f\u4e00\u6b3e\u5c0f\u5de7\u7684\u65e0\u7ebf\u4e00\u4f53\u6253\u5370\u673a,\u53ef\u6ee1\u8db3\u60a8\u7684\u5bb6\u5ead\u6216\u5de5\u4f5c\u9700\u6c42\u3002 \u7b80\u5355\u65b9\u4fbf: <br \/>\u8bbe\u7f6e\u7b80\u5355,\u4f7f\u7528\u7b80\u5355,\u529f\u80fd\u4e30\u5bcc \u2014 \u914d\u6709\u6e05\u6670\u7684 1.4 \u82f1\u5bf8 OLED \u663e\u793a\u5c4f,\u5185\u7f6e\u7d27\u51d1\u7684\u81ea\u52a8\u6587\u6863\u8fdb\u7eb8\u5668,\u524d\u540e <br \/>\u8fdb\u7eb8\u548c\u81ea\u52a8\u53cc\u5de5\u6253\u5370\u3002 TR7020 \u53ef\u4ee5\u8f7b\u677e\u5904\u7406\u5404\u79cd\u4efb\u52a1,\u4ece\u626b\u63cf\u7b7e\u7f72\u7684\u5408\u540c <br \/>\u7528\u4e8e\u6253\u5370\u865a\u62df\u6559\u5ba4\u4f5c\u4e1a\u7684 ADF \u3002 \u65e0\u8bba\u662f\u4ece\u60a8\u7684\u7535\u8111\u8fd8\u662f\u901a\u8fc7\u65e0\u7ebf\u6253\u5370 <br \/>\u667a\u80fd\u624b\u673a,TR7020 \u662f\u4e00\u6b3e\u4f18\u8d28\u7684\u4e00\u4f53\u5f0f\u6253\u5370\u673a,\u9002\u7528\u4e8e\u65e5\u5e38\u5bb6\u5ead\u548c\u5de5\u4f5c\u4efb\u52a1\u3002<\/p>\n<p>PIXMA TR7020\uc740 \uae30\ub2a5\uc131\uacfc \uc2a4\ud0c0\uc77c\uc744 \ub9cc\ub0ac\uc2b5\ub2c8\ub2e4. \uac00\uc815 \ub610\ub294 \uc9c1\uc7a5 \uc694\uad6c \uc0ac\ud56d\uc5d0 \ub9de\uac8c \uc81c\uc791\ub41c \ucef4\ud329\ud2b8\ud55c \ubb34\uc120 \uc62c\uc778\uc6d0 \ud504\ub9b0\ud130\uc785\ub2c8\ub2e4. \uc27d\uc2b5\ub2c8\ub2e4. <br \/>\uc124\uce58, \uac04\ud3b8\ud55c \uc0ac\uc6a9 \ubc0f \ud48d\ubd80\ud55c \uae30\ub2a5 &#8211; \ud22c\uba85\ud55c 1.44\uc778\uce58 OLED \ub514\uc2a4\ud50c\ub808\uc774, \ub0b4\uc7a5 \ucef4\ud329\ud2b8 \uc790\ub3d9 \ubb38\uc11c \uacf5\uae09 \uc7a5\uce58, \uc804\uba74 \ubc0f \ud6c4\uba74 <br \/>\uc885\uc774 \uacf5\uae09 \ubc0f \uc790\ub3d9 \uc774\uc911 \uc778\uc1c4. TR7020\uc740 \uc11c\uba85\ub41c \uacc4\uc57d\uc744 \uc2a4\uce94\ud558\ub294 \uac83\ubd80\ud130 \ub2e4\uc591\ud55c \uc791\uc5c5\uc744 \uc27d\uac8c \ucc98\ub9ac\ud560 \uc218 \uc788\uc2b5\ub2c8\ub2e4. <br \/>ADF\ub97c \uac00\uc0c1 \uad50\uc2e4\uc5d0\uc11c \uc219\uc81c \uacfc\uc81c\ub97c \uc778\uc1c4\ud569\ub2c8\ub2e4. \ucef4\ud4e8\ud130\uc5d0\uc11c \uc778\uc1c4\ud558\ub4e0 \ubb34\uc120\uc73c\ub85c \uc778\uc1c4\ud558\ub4e0 <br \/>\uc2a4\ub9c8\ud2b8\ud3f0, TR7020\uc740 \uc77c\uc0c1\uc801\uc778 \uac00\uc815 \ubc0f \uc791\uc5c5 \uc791\uc5c5\uc744 \uc704\ud55c \uace0\ud488\uc9c8 \uc62c\uc778\uc6d0 \ud504\ub9b0\ud130\uc785\ub2c8\ub2e4.<\/span> <\/p>\n<p>Make sure this fits by entering your model number.<br \/>\n4460C002<br \/>\n<div class=\"main-cross-sell\" data-asin=\"B08FF1JJHT\">\n\n\t<div class=\"WooZone-cross-sell-loader\">\n\t\t<div>\n\t\t\t<div id=\"floatingBarsG\">\n\t\t\t\t<div class=\"blockG\" id=\"rotateG_01\"><\/div>\n\t\t\t\t<div class=\"blockG\" id=\"rotateG_02\"><\/div>\n\t\t\t\t<div class=\"blockG\" id=\"rotateG_03\"><\/div>\n\t\t\t\t<div class=\"blockG\" id=\"rotateG_04\"><\/div>\n\t\t\t\t<div class=\"blockG\" id=\"rotateG_05\"><\/div>\n\t\t\t\t<div class=\"blockG\" id=\"rotateG_06\"><\/div>\n\t\t\t\t<div class=\"blockG\" id=\"rotateG_07\"><\/div>\n\t\t\t\t<div class=\"blockG\" id=\"rotateG_08\"><\/div>\n\t\t\t<\/div>\n\t\t\t<div class=\"WooZone-cross-sell-loader-text\"><\/div>\n\t\t<\/div>\n\t<\/div>\n\n\t\t\n<\/div>\n<div style=\"clear:both;\"><\/div><\/p>\n","protected":false},"excerpt":{"rendered":"<p>Make sure this fits by entering your model number.<br \/>\n4460C002<\/p>\n","protected":false},"featured_media":44414,"comment_status":"open","ping_status":"closed","template":"","meta":[],"product_cat":[8630,8634],"product_tag":[],"yoast_head":"<!-- This site is optimized with the Yoast SEO plugin v23.0 - https:\/\/yoast.com\/wordpress\/plugins\/seo\/ -->\n<title>Canon TR7020 All-in-One Wireless Printer for Home Use,Black, Compact (4460C002) - gettopoff.com<\/title>\n<meta name=\"robots\" content=\"index, follow, max-snippet:-1, max-image-preview:large, max-video-preview:-1\" \/>\n<link rel=\"canonical\" href=\"https:\/\/gettopoff.com\/?product=canon-tr7020-all-in-one-wireless-printer-for-home-useblack\" \/>\n<meta property=\"og:locale\" content=\"en_US\" \/>\n<meta property=\"og:type\" content=\"article\" \/>\n<meta property=\"og:title\" content=\"Canon TR7020 All-in-One Wireless Printer for Home Use,Black, Compact (4460C002) - gettopoff.com\" \/>\n<meta property=\"og:description\" content=\"Make sure this fits by entering your model number. 4460C002\" \/>\n<meta property=\"og:url\" content=\"https:\/\/gettopoff.com\/?product=canon-tr7020-all-in-one-wireless-printer-for-home-useblack\" \/>\n<meta property=\"og:site_name\" content=\"gettopoff.com\" \/>\n<meta property=\"article:modified_time\" content=\"2023-04-10T18:47:56+00:00\" \/>\n<meta property=\"og:image\" content=\"https:\/\/m.media-amazon.com\/images\/I\/41-gubdH3mL.jpg\" \/>\n\t<meta property=\"og:image:width\" content=\"500\" \/>\n\t<meta property=\"og:image:height\" content=\"500\" \/>\n\t<meta property=\"og:image:type\" content=\"image\/jpeg\" \/>\n<meta name=\"twitter:card\" content=\"summary_large_image\" \/>\n<meta name=\"twitter:label1\" content=\"Est. reading time\" \/>\n\t<meta name=\"twitter:data1\" content=\"2 minutes\" \/>\n<script type=\"application\/ld+json\" class=\"yoast-schema-graph\">{\"@context\":\"https:\/\/schema.org\",\"@graph\":[{\"@type\":\"WebPage\",\"@id\":\"https:\/\/gettopoff.com\/?product=canon-tr7020-all-in-one-wireless-printer-for-home-useblack\",\"url\":\"https:\/\/gettopoff.com\/?product=canon-tr7020-all-in-one-wireless-printer-for-home-useblack\",\"name\":\"Canon TR7020 All-in-One Wireless Printer for Home Use,Black, Compact (4460C002) - gettopoff.com\",\"isPartOf\":{\"@id\":\"https:\/\/gettopoff.com\/#website\"},\"primaryImageOfPage\":{\"@id\":\"https:\/\/gettopoff.com\/?product=canon-tr7020-all-in-one-wireless-printer-for-home-useblack#primaryimage\"},\"image\":{\"@id\":\"https:\/\/gettopoff.com\/?product=canon-tr7020-all-in-one-wireless-printer-for-home-useblack#primaryimage\"},\"thumbnailUrl\":\"https:\/\/m.media-amazon.com\/images\/I\/41-gubdH3mL.jpg\",\"datePublished\":\"2022-11-19T19:23:10+00:00\",\"dateModified\":\"2023-04-10T18:47:56+00:00\",\"breadcrumb\":{\"@id\":\"https:\/\/gettopoff.com\/?product=canon-tr7020-all-in-one-wireless-printer-for-home-useblack#breadcrumb\"},\"inLanguage\":\"en-US\",\"potentialAction\":[{\"@type\":\"ReadAction\",\"target\":[\"https:\/\/gettopoff.com\/?product=canon-tr7020-all-in-one-wireless-printer-for-home-useblack\"]}]},{\"@type\":\"ImageObject\",\"inLanguage\":\"en-US\",\"@id\":\"https:\/\/gettopoff.com\/?product=canon-tr7020-all-in-one-wireless-printer-for-home-useblack#primaryimage\",\"url\":\"https:\/\/m.media-amazon.com\/images\/I\/41-gubdH3mL.jpg\",\"contentUrl\":\"https:\/\/m.media-amazon.com\/images\/I\/41-gubdH3mL.jpg\",\"width\":500,\"height\":500},{\"@type\":\"BreadcrumbList\",\"@id\":\"https:\/\/gettopoff.com\/?product=canon-tr7020-all-in-one-wireless-printer-for-home-useblack#breadcrumb\",\"itemListElement\":[{\"@type\":\"ListItem\",\"position\":1,\"name\":\"Home\",\"item\":\"https:\/\/gettopoff.com\/\"},{\"@type\":\"ListItem\",\"position\":2,\"name\":\"Shop\",\"item\":\"https:\/\/gettopoff.com\/?page_id=9\"},{\"@type\":\"ListItem\",\"position\":3,\"name\":\"Canon TR7020 All-in-One Wireless Printer for Home Use,Black, Compact (4460C002)\"}]},{\"@type\":\"WebSite\",\"@id\":\"https:\/\/gettopoff.com\/#website\",\"url\":\"https:\/\/gettopoff.com\/\",\"name\":\"gettopoff.com\",\"description\":\"\",\"publisher\":{\"@id\":\"https:\/\/gettopoff.com\/#organization\"},\"potentialAction\":[{\"@type\":\"SearchAction\",\"target\":{\"@type\":\"EntryPoint\",\"urlTemplate\":\"https:\/\/gettopoff.com\/?s={search_term_string}\"},\"query-input\":\"required name=search_term_string\"}],\"inLanguage\":\"en-US\"},{\"@type\":\"Organization\",\"@id\":\"https:\/\/gettopoff.com\/#organization\",\"name\":\"gettopoff.com\",\"url\":\"https:\/\/gettopoff.com\/\",\"logo\":{\"@type\":\"ImageObject\",\"inLanguage\":\"en-US\",\"@id\":\"https:\/\/gettopoff.com\/#\/schema\/logo\/image\/\",\"url\":\"https:\/\/gettopoff.com\/wp-content\/uploads\/2023\/10\/cropped-4yyy-removebg-preview-1.png\",\"contentUrl\":\"https:\/\/gettopoff.com\/wp-content\/uploads\/2023\/10\/cropped-4yyy-removebg-preview-1.png\",\"width\":512,\"height\":512,\"caption\":\"gettopoff.com\"},\"image\":{\"@id\":\"https:\/\/gettopoff.com\/#\/schema\/logo\/image\/\"}}]}<\/script>\n<!-- \/ Yoast SEO plugin. -->","yoast_head_json":{"title":"Canon TR7020 All-in-One Wireless Printer for Home Use,Black, Compact (4460C002) - gettopoff.com","robots":{"index":"index","follow":"follow","max-snippet":"max-snippet:-1","max-image-preview":"max-image-preview:large","max-video-preview":"max-video-preview:-1"},"canonical":"https:\/\/gettopoff.com\/?product=canon-tr7020-all-in-one-wireless-printer-for-home-useblack","og_locale":"en_US","og_type":"article","og_title":"Canon TR7020 All-in-One Wireless Printer for Home Use,Black, Compact (4460C002) - gettopoff.com","og_description":"Make sure this fits by entering your model number. 4460C002","og_url":"https:\/\/gettopoff.com\/?product=canon-tr7020-all-in-one-wireless-printer-for-home-useblack","og_site_name":"gettopoff.com","article_modified_time":"2023-04-10T18:47:56+00:00","og_image":[{"width":500,"height":500,"url":"https:\/\/m.media-amazon.com\/images\/I\/41-gubdH3mL.jpg","type":"image\/jpeg"}],"twitter_card":"summary_large_image","twitter_misc":{"Est. reading time":"2 minutes"},"schema":{"@context":"https:\/\/schema.org","@graph":[{"@type":"WebPage","@id":"https:\/\/gettopoff.com\/?product=canon-tr7020-all-in-one-wireless-printer-for-home-useblack","url":"https:\/\/gettopoff.com\/?product=canon-tr7020-all-in-one-wireless-printer-for-home-useblack","name":"Canon TR7020 All-in-One Wireless Printer for Home Use,Black, Compact (4460C002) - gettopoff.com","isPartOf":{"@id":"https:\/\/gettopoff.com\/#website"},"primaryImageOfPage":{"@id":"https:\/\/gettopoff.com\/?product=canon-tr7020-all-in-one-wireless-printer-for-home-useblack#primaryimage"},"image":{"@id":"https:\/\/gettopoff.com\/?product=canon-tr7020-all-in-one-wireless-printer-for-home-useblack#primaryimage"},"thumbnailUrl":"https:\/\/m.media-amazon.com\/images\/I\/41-gubdH3mL.jpg","datePublished":"2022-11-19T19:23:10+00:00","dateModified":"2023-04-10T18:47:56+00:00","breadcrumb":{"@id":"https:\/\/gettopoff.com\/?product=canon-tr7020-all-in-one-wireless-printer-for-home-useblack#breadcrumb"},"inLanguage":"en-US","potentialAction":[{"@type":"ReadAction","target":["https:\/\/gettopoff.com\/?product=canon-tr7020-all-in-one-wireless-printer-for-home-useblack"]}]},{"@type":"ImageObject","inLanguage":"en-US","@id":"https:\/\/gettopoff.com\/?product=canon-tr7020-all-in-one-wireless-printer-for-home-useblack#primaryimage","url":"https:\/\/m.media-amazon.com\/images\/I\/41-gubdH3mL.jpg","contentUrl":"https:\/\/m.media-amazon.com\/images\/I\/41-gubdH3mL.jpg","width":500,"height":500},{"@type":"BreadcrumbList","@id":"https:\/\/gettopoff.com\/?product=canon-tr7020-all-in-one-wireless-printer-for-home-useblack#breadcrumb","itemListElement":[{"@type":"ListItem","position":1,"name":"Home","item":"https:\/\/gettopoff.com\/"},{"@type":"ListItem","position":2,"name":"Shop","item":"https:\/\/gettopoff.com\/?page_id=9"},{"@type":"ListItem","position":3,"name":"Canon TR7020 All-in-One Wireless Printer for Home Use,Black, Compact (4460C002)"}]},{"@type":"WebSite","@id":"https:\/\/gettopoff.com\/#website","url":"https:\/\/gettopoff.com\/","name":"gettopoff.com","description":"","publisher":{"@id":"https:\/\/gettopoff.com\/#organization"},"potentialAction":[{"@type":"SearchAction","target":{"@type":"EntryPoint","urlTemplate":"https:\/\/gettopoff.com\/?s={search_term_string}"},"query-input":"required name=search_term_string"}],"inLanguage":"en-US"},{"@type":"Organization","@id":"https:\/\/gettopoff.com\/#organization","name":"gettopoff.com","url":"https:\/\/gettopoff.com\/","logo":{"@type":"ImageObject","inLanguage":"en-US","@id":"https:\/\/gettopoff.com\/#\/schema\/logo\/image\/","url":"https:\/\/gettopoff.com\/wp-content\/uploads\/2023\/10\/cropped-4yyy-removebg-preview-1.png","contentUrl":"https:\/\/gettopoff.com\/wp-content\/uploads\/2023\/10\/cropped-4yyy-removebg-preview-1.png","width":512,"height":512,"caption":"gettopoff.com"},"image":{"@id":"https:\/\/gettopoff.com\/#\/schema\/logo\/image\/"}}]}},"_links":{"self":[{"href":"https:\/\/gettopoff.com\/index.php?rest_route=\/wp\/v2\/product\/44413"}],"collection":[{"href":"https:\/\/gettopoff.com\/index.php?rest_route=\/wp\/v2\/product"}],"about":[{"href":"https:\/\/gettopoff.com\/index.php?rest_route=\/wp\/v2\/types\/product"}],"replies":[{"embeddable":true,"href":"https:\/\/gettopoff.com\/index.php?rest_route=%2Fwp%2Fv2%2Fcomments&post=44413"}],"wp:featuredmedia":[{"embeddable":true,"href":"https:\/\/gettopoff.com\/index.php?rest_route=\/wp\/v2\/media\/44414"}],"wp:attachment":[{"href":"https:\/\/gettopoff.com\/index.php?rest_route=%2Fwp%2Fv2%2Fmedia&parent=44413"}],"wp:term":[{"taxonomy":"product_cat","embeddable":true,"href":"https:\/\/gettopoff.com\/index.php?rest_route=%2Fwp%2Fv2%2Fproduct_cat&post=44413"},{"taxonomy":"product_tag","embeddable":true,"href":"https:\/\/gettopoff.com\/index.php?rest_route=%2Fwp%2Fv2%2Fproduct_tag&post=44413"}],"curies":[{"name":"wp","href":"https:\/\/api.w.org\/{rel}","templated":true}]}}